{"id":3035,"date":"2019-06-03T13:16:47","date_gmt":"2019-06-03T13:16:47","guid":{"rendered":"https:\/\/planaschuliganas.lt\/klientu-aptarnavimas\/"},"modified":"2021-08-13T11:05:49","modified_gmt":"2021-08-13T11:05:49","slug":"klientu-aptarnavimas","status":"publish","type":"page","link":"https:\/\/planaschuliganas.lt\/et\/meie-tegevus\/klientu-aptarnavimas\/","title":{"rendered":"Klienditeenindus"},"content":{"rendered":"","protected":false},"excerpt":{"rendered":"","protected":false},"author":1,"featured_media":0,"parent":3031,"menu_order":0,"comment_status":"closed","ping_status":"closed","template":"template-services-inner.php","meta":{"_acf_changed":false,"inline_featured_image":false,"_monsterinsights_skip_tracking":false,"_monsterinsights_sitenote_active":false,"_monsterinsights_sitenote_note":"","_monsterinsights_sitenote_category":0,"footnotes":""},"acf":[],"yoast_head":"<!-- This site is optimized with the Yoast SEO plugin v24.5 - https:\/\/yoast.com\/wordpress\/plugins\/seo\/ -->\n<title>Klienditeenindus | Planas Chuliganas<\/title>\n<meta name=\"description\" content=\"Klient\u0173 aptarnavimo centras j\u016bs\u0173 paslaugoms. Pasirinkite profesional\u0173 klient\u0173 aptarnavim\u0105, o mes u\u017etikrinsim kliento pasitik\u0117jim\u0105 j\u016bs\u0173 \u012fmone!\" \/>\n<meta name=\"robots\" content=\"index, follow, max-snippet:-1, max-image-preview:large, max-video-preview:-1\" \/>\n<link rel=\"canonical\" href=\"https:\/\/planaschuliganas.lt\/et\/meie-tegevus\/klientu-aptarnavimas\/\" \/>\n<meta property=\"og:locale\" content=\"en_US\" \/>\n<meta property=\"og:type\" content=\"article\" \/>\n<meta property=\"og:title\" content=\"Klienditeenindus | Planas Chuliganas\" \/>\n<meta property=\"og:description\" content=\"Klient\u0173 aptarnavimo centras j\u016bs\u0173 paslaugoms. Pasirinkite profesional\u0173 klient\u0173 aptarnavim\u0105, o mes u\u017etikrinsim kliento pasitik\u0117jim\u0105 j\u016bs\u0173 \u012fmone!\" \/>\n<meta property=\"og:url\" content=\"https:\/\/planaschuliganas.lt\/et\/meie-tegevus\/klientu-aptarnavimas\/\" \/>\n<meta property=\"og:site_name\" content=\"Planas Chuliganas\" \/>\n<meta property=\"article:modified_time\" content=\"2021-08-13T11:05:49+00:00\" \/>\n<meta name=\"twitter:card\" content=\"summary_large_image\" \/>\n<script type=\"application\/ld+json\" class=\"yoast-schema-graph\">{\"@context\":\"https:\/\/schema.org\",\"@graph\":[{\"@type\":\"WebPage\",\"@id\":\"https:\/\/planaschuliganas.lt\/et\/meie-tegevus\/klientu-aptarnavimas\/\",\"url\":\"https:\/\/planaschuliganas.lt\/et\/meie-tegevus\/klientu-aptarnavimas\/\",\"name\":\"Klienditeenindus | Planas Chuliganas\",\"isPartOf\":{\"@id\":\"https:\/\/planaschuliganas.lt\/#website\"},\"datePublished\":\"2019-06-03T13:16:47+00:00\",\"dateModified\":\"2021-08-13T11:05:49+00:00\",\"description\":\"Klient\u0173 aptarnavimo centras j\u016bs\u0173 paslaugoms. Pasirinkite profesional\u0173 klient\u0173 aptarnavim\u0105, o mes u\u017etikrinsim kliento pasitik\u0117jim\u0105 j\u016bs\u0173 \u012fmone!\",\"breadcrumb\":{\"@id\":\"https:\/\/planaschuliganas.lt\/et\/meie-tegevus\/klientu-aptarnavimas\/#breadcrumb\"},\"inLanguage\":\"ee-EE\",\"potentialAction\":[{\"@type\":\"ReadAction\",\"target\":[\"https:\/\/planaschuliganas.lt\/et\/meie-tegevus\/klientu-aptarnavimas\/\"]}]},{\"@type\":\"BreadcrumbList\",\"@id\":\"https:\/\/planaschuliganas.lt\/et\/meie-tegevus\/klientu-aptarnavimas\/#breadcrumb\",\"itemListElement\":[{\"@type\":\"ListItem\",\"position\":1,\"name\":\"Home\",\"item\":\"https:\/\/planaschuliganas.lt\/et\/\"},{\"@type\":\"ListItem\",\"position\":2,\"name\":\"Meie tegevus\",\"item\":\"https:\/\/planaschuliganas.lt\/et\/meie-tegevus\/\"},{\"@type\":\"ListItem\",\"position\":3,\"name\":\"Klienditeenindus\"}]},{\"@type\":\"WebSite\",\"@id\":\"https:\/\/planaschuliganas.lt\/#website\",\"url\":\"https:\/\/planaschuliganas.lt\/\",\"name\":\"Planas Chuliganas\",\"description\":\"Just another WordPress site\",\"potentialAction\":[{\"@type\":\"SearchAction\",\"target\":{\"@type\":\"EntryPoint\",\"urlTemplate\":\"https:\/\/planaschuliganas.lt\/?s={search_term_string}\"},\"query-input\":{\"@type\":\"PropertyValueSpecification\",\"valueRequired\":true,\"valueName\":\"search_term_string\"}}],\"inLanguage\":\"ee-EE\"}]}<\/script>\n<!-- \/ Yoast SEO plugin. -->","yoast_head_json":{"title":"Klienditeenindus | Planas Chuliganas","description":"Klient\u0173 aptarnavimo centras j\u016bs\u0173 paslaugoms. Pasirinkite profesional\u0173 klient\u0173 aptarnavim\u0105, o mes u\u017etikrinsim kliento pasitik\u0117jim\u0105 j\u016bs\u0173 \u012fmone!","robots":{"index":"index","follow":"follow","max-snippet":"max-snippet:-1","max-image-preview":"max-image-preview:large","max-video-preview":"max-video-preview:-1"},"canonical":"https:\/\/planaschuliganas.lt\/et\/meie-tegevus\/klientu-aptarnavimas\/","og_locale":"en_US","og_type":"article","og_title":"Klienditeenindus | Planas Chuliganas","og_description":"Klient\u0173 aptarnavimo centras j\u016bs\u0173 paslaugoms. Pasirinkite profesional\u0173 klient\u0173 aptarnavim\u0105, o mes u\u017etikrinsim kliento pasitik\u0117jim\u0105 j\u016bs\u0173 \u012fmone!","og_url":"https:\/\/planaschuliganas.lt\/et\/meie-tegevus\/klientu-aptarnavimas\/","og_site_name":"Planas Chuliganas","article_modified_time":"2021-08-13T11:05:49+00:00","twitter_card":"summary_large_image","schema":{"@context":"https:\/\/schema.org","@graph":[{"@type":"WebPage","@id":"https:\/\/planaschuliganas.lt\/et\/meie-tegevus\/klientu-aptarnavimas\/","url":"https:\/\/planaschuliganas.lt\/et\/meie-tegevus\/klientu-aptarnavimas\/","name":"Klienditeenindus | Planas Chuliganas","isPartOf":{"@id":"https:\/\/planaschuliganas.lt\/#website"},"datePublished":"2019-06-03T13:16:47+00:00","dateModified":"2021-08-13T11:05:49+00:00","description":"Klient\u0173 aptarnavimo centras j\u016bs\u0173 paslaugoms. Pasirinkite profesional\u0173 klient\u0173 aptarnavim\u0105, o mes u\u017etikrinsim kliento pasitik\u0117jim\u0105 j\u016bs\u0173 \u012fmone!","breadcrumb":{"@id":"https:\/\/planaschuliganas.lt\/et\/meie-tegevus\/klientu-aptarnavimas\/#breadcrumb"},"inLanguage":"ee-EE","potentialAction":[{"@type":"ReadAction","target":["https:\/\/planaschuliganas.lt\/et\/meie-tegevus\/klientu-aptarnavimas\/"]}]},{"@type":"BreadcrumbList","@id":"https:\/\/planaschuliganas.lt\/et\/meie-tegevus\/klientu-aptarnavimas\/#breadcrumb","itemListElement":[{"@type":"ListItem","position":1,"name":"Home","item":"https:\/\/planaschuliganas.lt\/et\/"},{"@type":"ListItem","position":2,"name":"Meie tegevus","item":"https:\/\/planaschuliganas.lt\/et\/meie-tegevus\/"},{"@type":"ListItem","position":3,"name":"Klienditeenindus"}]},{"@type":"WebSite","@id":"https:\/\/planaschuliganas.lt\/#website","url":"https:\/\/planaschuliganas.lt\/","name":"Planas Chuliganas","description":"Just another WordPress site","potentialAction":[{"@type":"SearchAction","target":{"@type":"EntryPoint","urlTemplate":"https:\/\/planaschuliganas.lt\/?s={search_term_string}"},"query-input":{"@type":"PropertyValueSpecification","valueRequired":true,"valueName":"search_term_string"}}],"inLanguage":"ee-EE"}]}},"_links":{"self":[{"href":"https:\/\/planaschuliganas.lt\/et\/wp-json\/wp\/v2\/pages\/3035"}],"collection":[{"href":"https:\/\/planaschuliganas.lt\/et\/wp-json\/wp\/v2\/pages"}],"about":[{"href":"https:\/\/planaschuliganas.lt\/et\/wp-json\/wp\/v2\/types\/page"}],"author":[{"embeddable":true,"href":"https:\/\/planaschuliganas.lt\/et\/wp-json\/wp\/v2\/users\/1"}],"replies":[{"embeddable":true,"href":"https:\/\/planaschuliganas.lt\/et\/wp-json\/wp\/v2\/comments?post=3035"}],"version-history":[{"count":3,"href":"https:\/\/planaschuliganas.lt\/et\/wp-json\/wp\/v2\/pages\/3035\/revisions"}],"predecessor-version":[{"id":3825,"href":"https:\/\/planaschuliganas.lt\/et\/wp-json\/wp\/v2\/pages\/3035\/revisions\/3825"}],"up":[{"embeddable":true,"href":"https:\/\/planaschuliganas.lt\/et\/wp-json\/wp\/v2\/pages\/3031"}],"wp:attachment":[{"href":"https:\/\/planaschuliganas.lt\/et\/wp-json\/wp\/v2\/media?parent=3035"}],"curies":[{"name":"wp","href":"https:\/\/api.w.org\/{rel}","templated":true}]}}