{"id":3053,"date":"2019-06-03T13:20:18","date_gmt":"2019-06-03T13:20:18","guid":{"rendered":"https:\/\/planaschuliganas.lt\/skambuciu-centras\/"},"modified":"2021-08-13T11:08:55","modified_gmt":"2021-08-13T11:08:55","slug":"skambuciu-centras","status":"publish","type":"page","link":"https:\/\/planaschuliganas.lt\/et\/meie-tegevus\/skambuciu-centras\/","title":{"rendered":"K\u00f5nekeskus"},"content":{"rendered":"","protected":false},"excerpt":{"rendered":"","protected":false},"author":1,"featured_media":0,"parent":3031,"menu_order":0,"comment_status":"closed","ping_status":"closed","template":"template-services-inner.php","meta":{"_acf_changed":false,"inline_featured_image":false,"_monsterinsights_skip_tracking":false,"_monsterinsights_sitenote_active":false,"_monsterinsights_sitenote_note":"","_monsterinsights_sitenote_category":0,"footnotes":""},"acf":[],"yoast_head":"<!-- This site is optimized with the Yoast SEO plugin v24.5 - https:\/\/yoast.com\/wordpress\/plugins\/seo\/ -->\n<title>Skambu\u010di\u0173 (kontakt\u0173) centras Vilniuje | Planas Chuliganas<\/title>\n<meta name=\"description\" content=\"Esame kontakt\u0173 centras, \u012fsik\u016br\u0119s Vilniuje. Teikiame skambu\u010di\u0173 centro paslaugas visoje Lietuvoje, visais komunikacijos kanalais, vis\u0105 par\u0105. Susisiekite!\" \/>\n<meta name=\"robots\" content=\"index, follow, max-snippet:-1, max-image-preview:large, max-video-preview:-1\" \/>\n<link rel=\"canonical\" href=\"https:\/\/planaschuliganas.lt\/et\/meie-tegevus\/skambuciu-centras\/\" \/>\n<meta property=\"og:locale\" content=\"en_US\" \/>\n<meta property=\"og:type\" content=\"article\" \/>\n<meta property=\"og:title\" content=\"Skambu\u010di\u0173 (kontakt\u0173) centras Vilniuje | Planas Chuliganas\" \/>\n<meta property=\"og:description\" content=\"Esame kontakt\u0173 centras, \u012fsik\u016br\u0119s Vilniuje. Teikiame skambu\u010di\u0173 centro paslaugas visoje Lietuvoje, visais komunikacijos kanalais, vis\u0105 par\u0105. Susisiekite!\" \/>\n<meta property=\"og:url\" content=\"https:\/\/planaschuliganas.lt\/et\/meie-tegevus\/skambuciu-centras\/\" \/>\n<meta property=\"og:site_name\" content=\"Planas Chuliganas\" \/>\n<meta property=\"article:modified_time\" content=\"2021-08-13T11:08:55+00:00\" \/>\n<meta name=\"twitter:card\" content=\"summary_large_image\" \/>\n<script type=\"application\/ld+json\" class=\"yoast-schema-graph\">{\"@context\":\"https:\/\/schema.org\",\"@graph\":[{\"@type\":\"WebPage\",\"@id\":\"https:\/\/planaschuliganas.lt\/et\/meie-tegevus\/skambuciu-centras\/\",\"url\":\"https:\/\/planaschuliganas.lt\/et\/meie-tegevus\/skambuciu-centras\/\",\"name\":\"Skambu\u010di\u0173 (kontakt\u0173) centras Vilniuje | Planas Chuliganas\",\"isPartOf\":{\"@id\":\"https:\/\/planaschuliganas.lt\/#website\"},\"datePublished\":\"2019-06-03T13:20:18+00:00\",\"dateModified\":\"2021-08-13T11:08:55+00:00\",\"description\":\"Esame kontakt\u0173 centras, \u012fsik\u016br\u0119s Vilniuje. Teikiame skambu\u010di\u0173 centro paslaugas visoje Lietuvoje, visais komunikacijos kanalais, vis\u0105 par\u0105. Susisiekite!\",\"breadcrumb\":{\"@id\":\"https:\/\/planaschuliganas.lt\/et\/meie-tegevus\/skambuciu-centras\/#breadcrumb\"},\"inLanguage\":\"ee-EE\",\"potentialAction\":[{\"@type\":\"ReadAction\",\"target\":[\"https:\/\/planaschuliganas.lt\/et\/meie-tegevus\/skambuciu-centras\/\"]}]},{\"@type\":\"BreadcrumbList\",\"@id\":\"https:\/\/planaschuliganas.lt\/et\/meie-tegevus\/skambuciu-centras\/#breadcrumb\",\"itemListElement\":[{\"@type\":\"ListItem\",\"position\":1,\"name\":\"Home\",\"item\":\"https:\/\/planaschuliganas.lt\/et\/\"},{\"@type\":\"ListItem\",\"position\":2,\"name\":\"Meie tegevus\",\"item\":\"https:\/\/planaschuliganas.lt\/et\/meie-tegevus\/\"},{\"@type\":\"ListItem\",\"position\":3,\"name\":\"K\u00f5nekeskus\"}]},{\"@type\":\"WebSite\",\"@id\":\"https:\/\/planaschuliganas.lt\/#website\",\"url\":\"https:\/\/planaschuliganas.lt\/\",\"name\":\"Planas Chuliganas\",\"description\":\"Just another WordPress site\",\"potentialAction\":[{\"@type\":\"SearchAction\",\"target\":{\"@type\":\"EntryPoint\",\"urlTemplate\":\"https:\/\/planaschuliganas.lt\/?s={search_term_string}\"},\"query-input\":{\"@type\":\"PropertyValueSpecification\",\"valueRequired\":true,\"valueName\":\"search_term_string\"}}],\"inLanguage\":\"ee-EE\"}]}<\/script>\n<!-- \/ Yoast SEO plugin. -->","yoast_head_json":{"title":"Skambu\u010di\u0173 (kontakt\u0173) centras Vilniuje | Planas Chuliganas","description":"Esame kontakt\u0173 centras, \u012fsik\u016br\u0119s Vilniuje. Teikiame skambu\u010di\u0173 centro paslaugas visoje Lietuvoje, visais komunikacijos kanalais, vis\u0105 par\u0105. Susisiekite!","robots":{"index":"index","follow":"follow","max-snippet":"max-snippet:-1","max-image-preview":"max-image-preview:large","max-video-preview":"max-video-preview:-1"},"canonical":"https:\/\/planaschuliganas.lt\/et\/meie-tegevus\/skambuciu-centras\/","og_locale":"en_US","og_type":"article","og_title":"Skambu\u010di\u0173 (kontakt\u0173) centras Vilniuje | Planas Chuliganas","og_description":"Esame kontakt\u0173 centras, \u012fsik\u016br\u0119s Vilniuje. Teikiame skambu\u010di\u0173 centro paslaugas visoje Lietuvoje, visais komunikacijos kanalais, vis\u0105 par\u0105. Susisiekite!","og_url":"https:\/\/planaschuliganas.lt\/et\/meie-tegevus\/skambuciu-centras\/","og_site_name":"Planas Chuliganas","article_modified_time":"2021-08-13T11:08:55+00:00","twitter_card":"summary_large_image","schema":{"@context":"https:\/\/schema.org","@graph":[{"@type":"WebPage","@id":"https:\/\/planaschuliganas.lt\/et\/meie-tegevus\/skambuciu-centras\/","url":"https:\/\/planaschuliganas.lt\/et\/meie-tegevus\/skambuciu-centras\/","name":"Skambu\u010di\u0173 (kontakt\u0173) centras Vilniuje | Planas Chuliganas","isPartOf":{"@id":"https:\/\/planaschuliganas.lt\/#website"},"datePublished":"2019-06-03T13:20:18+00:00","dateModified":"2021-08-13T11:08:55+00:00","description":"Esame kontakt\u0173 centras, \u012fsik\u016br\u0119s Vilniuje. Teikiame skambu\u010di\u0173 centro paslaugas visoje Lietuvoje, visais komunikacijos kanalais, vis\u0105 par\u0105. Susisiekite!","breadcrumb":{"@id":"https:\/\/planaschuliganas.lt\/et\/meie-tegevus\/skambuciu-centras\/#breadcrumb"},"inLanguage":"ee-EE","potentialAction":[{"@type":"ReadAction","target":["https:\/\/planaschuliganas.lt\/et\/meie-tegevus\/skambuciu-centras\/"]}]},{"@type":"BreadcrumbList","@id":"https:\/\/planaschuliganas.lt\/et\/meie-tegevus\/skambuciu-centras\/#breadcrumb","itemListElement":[{"@type":"ListItem","position":1,"name":"Home","item":"https:\/\/planaschuliganas.lt\/et\/"},{"@type":"ListItem","position":2,"name":"Meie tegevus","item":"https:\/\/planaschuliganas.lt\/et\/meie-tegevus\/"},{"@type":"ListItem","position":3,"name":"K\u00f5nekeskus"}]},{"@type":"WebSite","@id":"https:\/\/planaschuliganas.lt\/#website","url":"https:\/\/planaschuliganas.lt\/","name":"Planas Chuliganas","description":"Just another WordPress site","potentialAction":[{"@type":"SearchAction","target":{"@type":"EntryPoint","urlTemplate":"https:\/\/planaschuliganas.lt\/?s={search_term_string}"},"query-input":{"@type":"PropertyValueSpecification","valueRequired":true,"valueName":"search_term_string"}}],"inLanguage":"ee-EE"}]}},"_links":{"self":[{"href":"https:\/\/planaschuliganas.lt\/et\/wp-json\/wp\/v2\/pages\/3053"}],"collection":[{"href":"https:\/\/planaschuliganas.lt\/et\/wp-json\/wp\/v2\/pages"}],"about":[{"href":"https:\/\/planaschuliganas.lt\/et\/wp-json\/wp\/v2\/types\/page"}],"author":[{"embeddable":true,"href":"https:\/\/planaschuliganas.lt\/et\/wp-json\/wp\/v2\/users\/1"}],"replies":[{"embeddable":true,"href":"https:\/\/planaschuliganas.lt\/et\/wp-json\/wp\/v2\/comments?post=3053"}],"version-history":[{"count":4,"href":"https:\/\/planaschuliganas.lt\/et\/wp-json\/wp\/v2\/pages\/3053\/revisions"}],"predecessor-version":[{"id":3826,"href":"https:\/\/planaschuliganas.lt\/et\/wp-json\/wp\/v2\/pages\/3053\/revisions\/3826"}],"up":[{"embeddable":true,"href":"https:\/\/planaschuliganas.lt\/et\/wp-json\/wp\/v2\/pages\/3031"}],"wp:attachment":[{"href":"https:\/\/planaschuliganas.lt\/et\/wp-json\/wp\/v2\/media?parent=3053"}],"curies":[{"name":"wp","href":"https:\/\/api.w.org\/{rel}","templated":true}]}}