{"id":3063,"date":"2017-12-12T15:24:51","date_gmt":"2017-12-12T15:24:51","guid":{"rendered":"https:\/\/planaschuliganas.lt\/pagrindinis\/"},"modified":"2021-08-13T12:23:36","modified_gmt":"2021-08-13T12:23:36","slug":"pagrindinis","status":"publish","type":"page","link":"https:\/\/planaschuliganas.lt\/et\/","title":{"rendered":"Teleturundus"},"content":{"rendered":"","protected":false},"excerpt":{"rendered":"","protected":false},"author":1,"featured_media":0,"parent":0,"menu_order":0,"comment_status":"closed","ping_status":"closed","template":"template-home.php","meta":{"_acf_changed":false,"inline_featured_image":false,"_monsterinsights_skip_tracking":false,"_monsterinsights_sitenote_active":false,"_monsterinsights_sitenote_note":"","_monsterinsights_sitenote_category":0,"footnotes":""},"acf":[],"yoast_head":"<!-- This site is optimized with the Yoast SEO plugin v24.5 - https:\/\/yoast.com\/wordpress\/plugins\/seo\/ -->\n<title>Telemarketingo \u012fmon\u0117s paslaugos | Planas Chuliganas<\/title>\n<meta name=\"description\" content=\"Esame \u012fmon\u0117, kuri teikia profesionalias ir efektyvias telemarketingo paslaugas 24\/7\/365. Kreipkit\u0117s \u012f mus el. pa\u0161tu ar telefonu.\" \/>\n<meta name=\"robots\" content=\"index, follow, max-snippet:-1, max-image-preview:large, max-video-preview:-1\" \/>\n<link rel=\"canonical\" href=\"https:\/\/planaschuliganas.lt\/et\/\" \/>\n<meta property=\"og:locale\" content=\"en_US\" \/>\n<meta property=\"og:type\" content=\"article\" \/>\n<meta property=\"og:title\" content=\"Telemarketingo \u012fmon\u0117s paslaugos | Planas Chuliganas\" \/>\n<meta property=\"og:description\" content=\"Esame \u012fmon\u0117, kuri teikia profesionalias ir efektyvias telemarketingo paslaugas 24\/7\/365. Kreipkit\u0117s \u012f mus el. pa\u0161tu ar telefonu.\" \/>\n<meta property=\"og:url\" content=\"https:\/\/planaschuliganas.lt\/et\/\" \/>\n<meta property=\"og:site_name\" content=\"Planas Chuliganas\" \/>\n<meta property=\"article:modified_time\" content=\"2021-08-13T12:23:36+00:00\" \/>\n<meta name=\"twitter:card\" content=\"summary_large_image\" \/>\n<script type=\"application\/ld+json\" class=\"yoast-schema-graph\">{\"@context\":\"https:\/\/schema.org\",\"@graph\":[{\"@type\":\"WebPage\",\"@id\":\"https:\/\/planaschuliganas.lt\/et\/\",\"url\":\"https:\/\/planaschuliganas.lt\/et\/\",\"name\":\"Telemarketingo \u012fmon\u0117s paslaugos | Planas Chuliganas\",\"isPartOf\":{\"@id\":\"https:\/\/planaschuliganas.lt\/#website\"},\"datePublished\":\"2017-12-12T15:24:51+00:00\",\"dateModified\":\"2021-08-13T12:23:36+00:00\",\"description\":\"Esame \u012fmon\u0117, kuri teikia profesionalias ir efektyvias telemarketingo paslaugas 24\/7\/365. Kreipkit\u0117s \u012f mus el. pa\u0161tu ar telefonu.\",\"breadcrumb\":{\"@id\":\"https:\/\/planaschuliganas.lt\/et\/#breadcrumb\"},\"inLanguage\":\"ee-EE\",\"potentialAction\":[{\"@type\":\"ReadAction\",\"target\":[\"https:\/\/planaschuliganas.lt\/et\/\"]}]},{\"@type\":\"BreadcrumbList\",\"@id\":\"https:\/\/planaschuliganas.lt\/et\/#breadcrumb\",\"itemListElement\":[{\"@type\":\"ListItem\",\"position\":1,\"name\":\"Home\",\"item\":\"https:\/\/planaschuliganas.lt\/et\/\"},{\"@type\":\"ListItem\",\"position\":2,\"name\":\"Teleturundus\"}]},{\"@type\":\"WebSite\",\"@id\":\"https:\/\/planaschuliganas.lt\/#website\",\"url\":\"https:\/\/planaschuliganas.lt\/\",\"name\":\"Planas Chuliganas\",\"description\":\"Just another WordPress site\",\"potentialAction\":[{\"@type\":\"SearchAction\",\"target\":{\"@type\":\"EntryPoint\",\"urlTemplate\":\"https:\/\/planaschuliganas.lt\/?s={search_term_string}\"},\"query-input\":{\"@type\":\"PropertyValueSpecification\",\"valueRequired\":true,\"valueName\":\"search_term_string\"}}],\"inLanguage\":\"ee-EE\"}]}<\/script>\n<!-- \/ Yoast SEO plugin. -->","yoast_head_json":{"title":"Telemarketingo \u012fmon\u0117s paslaugos | Planas Chuliganas","description":"Esame \u012fmon\u0117, kuri teikia profesionalias ir efektyvias telemarketingo paslaugas 24\/7\/365. Kreipkit\u0117s \u012f mus el. pa\u0161tu ar telefonu.","robots":{"index":"index","follow":"follow","max-snippet":"max-snippet:-1","max-image-preview":"max-image-preview:large","max-video-preview":"max-video-preview:-1"},"canonical":"https:\/\/planaschuliganas.lt\/et\/","og_locale":"en_US","og_type":"article","og_title":"Telemarketingo \u012fmon\u0117s paslaugos | Planas Chuliganas","og_description":"Esame \u012fmon\u0117, kuri teikia profesionalias ir efektyvias telemarketingo paslaugas 24\/7\/365. Kreipkit\u0117s \u012f mus el. pa\u0161tu ar telefonu.","og_url":"https:\/\/planaschuliganas.lt\/et\/","og_site_name":"Planas Chuliganas","article_modified_time":"2021-08-13T12:23:36+00:00","twitter_card":"summary_large_image","schema":{"@context":"https:\/\/schema.org","@graph":[{"@type":"WebPage","@id":"https:\/\/planaschuliganas.lt\/et\/","url":"https:\/\/planaschuliganas.lt\/et\/","name":"Telemarketingo \u012fmon\u0117s paslaugos | Planas Chuliganas","isPartOf":{"@id":"https:\/\/planaschuliganas.lt\/#website"},"datePublished":"2017-12-12T15:24:51+00:00","dateModified":"2021-08-13T12:23:36+00:00","description":"Esame \u012fmon\u0117, kuri teikia profesionalias ir efektyvias telemarketingo paslaugas 24\/7\/365. Kreipkit\u0117s \u012f mus el. pa\u0161tu ar telefonu.","breadcrumb":{"@id":"https:\/\/planaschuliganas.lt\/et\/#breadcrumb"},"inLanguage":"ee-EE","potentialAction":[{"@type":"ReadAction","target":["https:\/\/planaschuliganas.lt\/et\/"]}]},{"@type":"BreadcrumbList","@id":"https:\/\/planaschuliganas.lt\/et\/#breadcrumb","itemListElement":[{"@type":"ListItem","position":1,"name":"Home","item":"https:\/\/planaschuliganas.lt\/et\/"},{"@type":"ListItem","position":2,"name":"Teleturundus"}]},{"@type":"WebSite","@id":"https:\/\/planaschuliganas.lt\/#website","url":"https:\/\/planaschuliganas.lt\/","name":"Planas Chuliganas","description":"Just another WordPress site","potentialAction":[{"@type":"SearchAction","target":{"@type":"EntryPoint","urlTemplate":"https:\/\/planaschuliganas.lt\/?s={search_term_string}"},"query-input":{"@type":"PropertyValueSpecification","valueRequired":true,"valueName":"search_term_string"}}],"inLanguage":"ee-EE"}]}},"_links":{"self":[{"href":"https:\/\/planaschuliganas.lt\/et\/wp-json\/wp\/v2\/pages\/3063"}],"collection":[{"href":"https:\/\/planaschuliganas.lt\/et\/wp-json\/wp\/v2\/pages"}],"about":[{"href":"https:\/\/planaschuliganas.lt\/et\/wp-json\/wp\/v2\/types\/page"}],"author":[{"embeddable":true,"href":"https:\/\/planaschuliganas.lt\/et\/wp-json\/wp\/v2\/users\/1"}],"replies":[{"embeddable":true,"href":"https:\/\/planaschuliganas.lt\/et\/wp-json\/wp\/v2\/comments?post=3063"}],"version-history":[{"count":6,"href":"https:\/\/planaschuliganas.lt\/et\/wp-json\/wp\/v2\/pages\/3063\/revisions"}],"predecessor-version":[{"id":3833,"href":"https:\/\/planaschuliganas.lt\/et\/wp-json\/wp\/v2\/pages\/3063\/revisions\/3833"}],"wp:attachment":[{"href":"https:\/\/planaschuliganas.lt\/et\/wp-json\/wp\/v2\/media?parent=3063"}],"curies":[{"name":"wp","href":"https:\/\/api.w.org\/{rel}","templated":true}]}}