{"id":2994,"date":"2017-12-13T06:06:28","date_gmt":"2017-12-13T06:06:28","guid":{"rendered":"https:\/\/planaschuliganas.lt\/kontaktai\/"},"modified":"2023-06-19T10:35:37","modified_gmt":"2023-06-19T10:35:37","slug":"kontaktai","status":"publish","type":"page","link":"https:\/\/planaschuliganas.lt\/lv\/kontaktai\/","title":{"rendered":"Kontaktai"},"content":{"rendered":"","protected":false},"excerpt":{"rendered":"","protected":false},"author":1,"featured_media":0,"parent":0,"menu_order":0,"comment_status":"closed","ping_status":"closed","template":"template-contact.php","meta":{"_acf_changed":false,"inline_featured_image":false,"_monsterinsights_skip_tracking":false,"_monsterinsights_sitenote_active":false,"_monsterinsights_sitenote_note":"","_monsterinsights_sitenote_category":0,"footnotes":""},"acf":[],"yoast_head":"<!-- This site is optimized with the Yoast SEO plugin v24.5 - https:\/\/yoast.com\/wordpress\/plugins\/seo\/ -->\n<title>Kontaktai | Planas Chuliganas<\/title>\n<meta name=\"description\" content=\"Susisiekite ir pakalb\u0117kime apie J\u016bs\u0173 pardavimus. M\u016bs\u0173 kontaktai: + 370 698 29377 klausau@planaschuliganas.lt \u017demait\u0117s g. 21, Vilnius.\" \/>\n<meta name=\"robots\" content=\"index, follow, max-snippet:-1, max-image-preview:large, max-video-preview:-1\" \/>\n<link rel=\"canonical\" href=\"https:\/\/planaschuliganas.lt\/kontaktai\/\" \/>\n<meta property=\"og:locale\" content=\"lv_LV\" \/>\n<meta property=\"og:type\" content=\"article\" \/>\n<meta property=\"og:title\" content=\"Kontaktai | Planas Chuliganas\" \/>\n<meta property=\"og:description\" content=\"Susisiekite ir pakalb\u0117kime apie J\u016bs\u0173 pardavimus. M\u016bs\u0173 kontaktai: + 370 698 29377 klausau@planaschuliganas.lt \u017demait\u0117s g. 21, Vilnius.\" \/>\n<meta property=\"og:url\" content=\"https:\/\/planaschuliganas.lt\/kontaktai\/\" \/>\n<meta property=\"og:site_name\" content=\"Planas Chuliganas\" \/>\n<meta property=\"article:modified_time\" content=\"2023-06-19T10:35:37+00:00\" \/>\n<meta name=\"twitter:card\" content=\"summary_large_image\" \/>\n<script type=\"application\/ld+json\" class=\"yoast-schema-graph\">{\"@context\":\"https:\/\/schema.org\",\"@graph\":[{\"@type\":\"WebPage\",\"@id\":\"https:\/\/planaschuliganas.lt\/kontaktai\/\",\"url\":\"https:\/\/planaschuliganas.lt\/kontaktai\/\",\"name\":\"Kontaktai | Planas Chuliganas\",\"isPartOf\":{\"@id\":\"https:\/\/planaschuliganas.lt\/#website\"},\"datePublished\":\"2017-12-13T06:06:28+00:00\",\"dateModified\":\"2023-06-19T10:35:37+00:00\",\"description\":\"Susisiekite ir pakalb\u0117kime apie J\u016bs\u0173 pardavimus. M\u016bs\u0173 kontaktai: + 370 698 29377 klausau@planaschuliganas.lt \u017demait\u0117s g. 21, Vilnius.\",\"breadcrumb\":{\"@id\":\"https:\/\/planaschuliganas.lt\/kontaktai\/#breadcrumb\"},\"inLanguage\":\"lv-LV\",\"potentialAction\":[{\"@type\":\"ReadAction\",\"target\":[\"https:\/\/planaschuliganas.lt\/kontaktai\/\"]}]},{\"@type\":\"BreadcrumbList\",\"@id\":\"https:\/\/planaschuliganas.lt\/kontaktai\/#breadcrumb\",\"itemListElement\":[{\"@type\":\"ListItem\",\"position\":1,\"name\":\"Home\",\"item\":\"https:\/\/planaschuliganas.lt\/\"},{\"@type\":\"ListItem\",\"position\":2,\"name\":\"Kontaktai\"}]},{\"@type\":\"WebSite\",\"@id\":\"https:\/\/planaschuliganas.lt\/#website\",\"url\":\"https:\/\/planaschuliganas.lt\/\",\"name\":\"Planas Chuliganas\",\"description\":\"Just another WordPress site\",\"potentialAction\":[{\"@type\":\"SearchAction\",\"target\":{\"@type\":\"EntryPoint\",\"urlTemplate\":\"https:\/\/planaschuliganas.lt\/?s={search_term_string}\"},\"query-input\":{\"@type\":\"PropertyValueSpecification\",\"valueRequired\":true,\"valueName\":\"search_term_string\"}}],\"inLanguage\":\"lv-LV\"}]}<\/script>\n<!-- \/ Yoast SEO plugin. -->","yoast_head_json":{"title":"Kontaktai | Planas Chuliganas","description":"Susisiekite ir pakalb\u0117kime apie J\u016bs\u0173 pardavimus. M\u016bs\u0173 kontaktai: + 370 698 29377 klausau@planaschuliganas.lt \u017demait\u0117s g. 21, Vilnius.","robots":{"index":"index","follow":"follow","max-snippet":"max-snippet:-1","max-image-preview":"max-image-preview:large","max-video-preview":"max-video-preview:-1"},"canonical":"https:\/\/planaschuliganas.lt\/kontaktai\/","og_locale":"lv_LV","og_type":"article","og_title":"Kontaktai | Planas Chuliganas","og_description":"Susisiekite ir pakalb\u0117kime apie J\u016bs\u0173 pardavimus. M\u016bs\u0173 kontaktai: + 370 698 29377 klausau@planaschuliganas.lt \u017demait\u0117s g. 21, Vilnius.","og_url":"https:\/\/planaschuliganas.lt\/kontaktai\/","og_site_name":"Planas Chuliganas","article_modified_time":"2023-06-19T10:35:37+00:00","twitter_card":"summary_large_image","schema":{"@context":"https:\/\/schema.org","@graph":[{"@type":"WebPage","@id":"https:\/\/planaschuliganas.lt\/kontaktai\/","url":"https:\/\/planaschuliganas.lt\/kontaktai\/","name":"Kontaktai | Planas Chuliganas","isPartOf":{"@id":"https:\/\/planaschuliganas.lt\/#website"},"datePublished":"2017-12-13T06:06:28+00:00","dateModified":"2023-06-19T10:35:37+00:00","description":"Susisiekite ir pakalb\u0117kime apie J\u016bs\u0173 pardavimus. M\u016bs\u0173 kontaktai: + 370 698 29377 klausau@planaschuliganas.lt \u017demait\u0117s g. 21, Vilnius.","breadcrumb":{"@id":"https:\/\/planaschuliganas.lt\/kontaktai\/#breadcrumb"},"inLanguage":"lv-LV","potentialAction":[{"@type":"ReadAction","target":["https:\/\/planaschuliganas.lt\/kontaktai\/"]}]},{"@type":"BreadcrumbList","@id":"https:\/\/planaschuliganas.lt\/kontaktai\/#breadcrumb","itemListElement":[{"@type":"ListItem","position":1,"name":"Home","item":"https:\/\/planaschuliganas.lt\/"},{"@type":"ListItem","position":2,"name":"Kontaktai"}]},{"@type":"WebSite","@id":"https:\/\/planaschuliganas.lt\/#website","url":"https:\/\/planaschuliganas.lt\/","name":"Planas Chuliganas","description":"Just another WordPress site","potentialAction":[{"@type":"SearchAction","target":{"@type":"EntryPoint","urlTemplate":"https:\/\/planaschuliganas.lt\/?s={search_term_string}"},"query-input":{"@type":"PropertyValueSpecification","valueRequired":true,"valueName":"search_term_string"}}],"inLanguage":"lv-LV"}]}},"_links":{"self":[{"href":"https:\/\/planaschuliganas.lt\/lv\/wp-json\/wp\/v2\/pages\/2994"}],"collection":[{"href":"https:\/\/planaschuliganas.lt\/lv\/wp-json\/wp\/v2\/pages"}],"about":[{"href":"https:\/\/planaschuliganas.lt\/lv\/wp-json\/wp\/v2\/types\/page"}],"author":[{"embeddable":true,"href":"https:\/\/planaschuliganas.lt\/lv\/wp-json\/wp\/v2\/users\/1"}],"replies":[{"embeddable":true,"href":"https:\/\/planaschuliganas.lt\/lv\/wp-json\/wp\/v2\/comments?post=2994"}],"version-history":[{"count":2,"href":"https:\/\/planaschuliganas.lt\/lv\/wp-json\/wp\/v2\/pages\/2994\/revisions"}],"predecessor-version":[{"id":3681,"href":"https:\/\/planaschuliganas.lt\/lv\/wp-json\/wp\/v2\/pages\/2994\/revisions\/3681"}],"wp:attachment":[{"href":"https:\/\/planaschuliganas.lt\/lv\/wp-json\/wp\/v2\/media?parent=2994"}],"curies":[{"name":"wp","href":"https:\/\/api.w.org\/{rel}","templated":true}]}}