{"id":3141,"date":"2019-06-03T13:17:50","date_gmt":"2019-06-03T13:17:50","guid":{"rendered":"https:\/\/planaschuliganas.lt\/musu-veikla\/klientu-paieska-telefonu\/"},"modified":"2021-04-26T05:31:38","modified_gmt":"2021-04-26T05:31:38","slug":"klientu-paieska-telefonu","status":"publish","type":"page","link":"https:\/\/planaschuliganas.lt\/ru\/musu-veikla\/klientu-paieska-telefonu\/","title":{"rendered":"\u041f\u043e\u0438\u0441\u043a \u043d\u043e\u0432\u044b\u0445 \u043a\u043b\u0438\u0435\u043d\u0442\u043e\u0432 \u043f\u043e \u0442\u0435\u043b\u0435\u0444\u043e\u043d\u0443"},"content":{"rendered":"<p>Nauj\u0173 klient\u0173 paie\u0161ka \u2013 tai pats svarbiausias tavo verslo augimo \u012frankis. O klient\u0173 paie\u0161ka telefonu \u2013 tolygu turbor\u0117\u017eimui. Kod\u0117l?Atsakysime paprastai. Kaipgi kitaip tu greitai sukontaktuosi sudaugybe \u012fvairi\u0173 potenciali\u0173 klient\u0173 ir pristatysi jiems savo produkt\u0105 ar paslaug\u0105? M\u016bs\u0173 automatin\u0117s skambu\u010di\u0173 sistemos skambina u\u017e mus, tod\u0117l mums nereikia pajudinti n\u0117 pir\u0161to. Tod\u0117l galime paskambinti labai daug kart\u0173 i\u0161 karto, negai\u0161dami laiko vesdami po vien\u0105 skai\u010diuk\u0105. Superefektyvumas, ar ne? Okay, o kaip gi atsirinkti, kam skambinti? Juk neskambinsi visiems i\u0161 eil\u0117s, neverta, taip? B\u016btent tod\u0117l naudojame tavo, kaip kliento, pateiktus s\u0105ra\u0161us. Jie mums parodo kam galime b\u016bti idom\u016bs, o mes juos atakuojame savo \u0161alt\u0173 skambu\u010di\u0173 <em>skills\u2019ais<\/em>. Kas \u012fvyksta? Daugyb\u0117 pardavim\u0173, \u0161tai kas. Trumpai tariant, tu pasakai k\u0105 med\u017eioti, o mes susirenkame visus ginklus ir geriausius savo med\u017eiotojus. Ir tau atne\u0161ame rezultat\u0105. Tau belieka tik tinkamai pristatyti savo paslaugas suorganizuot\u0173 susitikim\u0173 metu.<\/p>\n<h4>Kuo klient\u0173 paie\u0161ka naudinga tau?<\/h4>\n<p>Tur\u0117dami potenciali\u0173 klient\u0173 s\u0105ra\u0161iuk\u0105 prie\u0161 akis mes \u012fjungiame \u0161alt\u0173 skambu\u010di\u0173 turbor\u0117\u017eim\u0105 ir kiekvienam i\u0161 nurodyt\u0173 klient\u0173 pristatome tavo paslaugas greitai, konkre\u010diai ir \u012ftikinamai. Kitaip tariant, pristatome tave kaip paslaug\u0105, d\u0117l kurios prad\u0117s suktis j\u0173 pelno skai\u010diukai, ir pakvie\u010diame \u012f susitikim\u0105.<\/p>\n<p>Galime atrinkti potencialius klientus ir pagal tam tikrus tavo nurodytus kriterijus. Tai vyksta mums \u012f savo pokalbi\u0173 scenarijus atitinkamai \u012ftraukiant filtruojan\u010dius klausimus.<\/p>\n<h4>Koki\u0173 rezultat\u0173 gali tik\u0117tis?<\/h4>\n<p>Rezultatai pirmiausia priklauso nuo tavo produkto rinkos, paties produkto, konkurencijos ir pana\u0161iai, bet pateiksiu tau paprast\u0105 matematik\u0105:<\/p>\n<p>Sakykime, m\u016bs\u0173 turbochuliganai padaro 20 skambu\u010di\u0173, kuriais susisiekia su sprendimus priiman\u010diais \u017emon\u0117mis. Na, a\u0161 jau nekalbu apie daugyb\u0119 pokalbi\u0173 su tarpininkais, administratoriais, sekretor\u0117mis ir kitais \u017emon\u0117mis, kurie da\u017eniausiai tampa nemenka u\u017eduotimi, norint pasiekti m\u016bs\u0173 tikslinius asmenis, kurie mums ir duoda daugiausia naud\u0105.<\/p>\n<p>Taigi vidutini\u0161kai i\u0161 t\u0173 20 verting\u0173 skambu\u010di\u0173 galima tik\u0117tis 5 laiming\u0173, o i\u0161 j\u0173\u00a0\u2013\u00a0susitikimo. O i\u0161 t\u0173 penki\u0173 susitikim\u0173\u00a0\u2013 vieno\u00a0pardavimo. Saky\u010diau, <em>not bad<\/em>, ar ne? Na, o dabar padauginkime skambu\u010di\u0173 skai\u010di\u0173 i\u0161 daugiau nei vieno chuligano, pasiskai\u010diuok pats. Kad ir kaip ten b\u016bt\u0173, manau, rezultatai visai viliojantys. Atsi\u017evelgiant \u012f tai, kad tau nereikia pajudinti n\u0117 pir\u0161to, tik steb\u0117ti \u017eaibi\u0161kai krentan\u010dius susitikimus \u012f tavo kalendori\u0173.<\/p>\n<p>Paskambinkite ir pakalb\u0117kime<\/p>\n","protected":false},"excerpt":{"rendered":"<p>Nauj\u0173 klient\u0173 paie\u0161ka \u2013 tai pats svarbiausias tavo verslo augimo \u012frankis. O klient\u0173 paie\u0161ka telefonu \u2013 tolygu turbor\u0117\u017eimui. Kod\u0117l?Atsakysime paprastai. Kaipgi kitaip tu greitai sukontaktuosi sudaugybe \u012fvairi\u0173 potenciali\u0173 klient\u0173 ir pristatysi jiems savo produkt\u0105 ar paslaug\u0105? M\u016bs\u0173 automatin\u0117s skambu\u010di\u0173 sistemos skambina u\u017e mus, tod\u0117l mums nereikia pajudinti n\u0117 pir\u0161to. Tod\u0117l galime paskambinti labai daug kart\u0173 [&hellip;]<\/p>\n","protected":false},"author":1,"featured_media":0,"parent":3080,"menu_order":0,"comment_status":"closed","ping_status":"closed","template":"template-services-inner.php","meta":{"_acf_changed":false,"inline_featured_image":false,"_monsterinsights_skip_tracking":false,"_monsterinsights_sitenote_active":false,"_monsterinsights_sitenote_note":"","_monsterinsights_sitenote_category":0,"footnotes":""},"acf":[],"yoast_head":"<!-- This site is optimized with the Yoast SEO plugin v24.5 - https:\/\/yoast.com\/wordpress\/plugins\/seo\/ -->\n<title>\u041f\u043e\u0438\u0441\u043a \u043d\u043e\u0432\u044b\u0445 \u043a\u043b\u0438\u0435\u043d\u0442\u043e\u0432 \u043f\u043e \u0442\u0435\u043b\u0435\u0444\u043e\u043d\u0443 | Planas Chuliganas<\/title>\n<meta name=\"description\" content=\"Klient\u0173 paie\u0161k\u0105 telefonu palikite mums. Esame savo srities profesionalai, tod\u0117l i\u0161manome, kaip pritraukti potencial\u0173 klient\u0105 ir parduoti jam j\u016bs\u0173 paslaugas.\" \/>\n<meta name=\"robots\" content=\"index, follow, max-snippet:-1, max-image-preview:large, max-video-preview:-1\" \/>\n<link rel=\"canonical\" href=\"https:\/\/planaschuliganas.lt\/ru\/musu-veikla\/klientu-paieska-telefonu\/\" \/>\n<meta property=\"og:locale\" content=\"ru_RU\" \/>\n<meta property=\"og:type\" content=\"article\" \/>\n<meta property=\"og:title\" content=\"\u041f\u043e\u0438\u0441\u043a \u043d\u043e\u0432\u044b\u0445 \u043a\u043b\u0438\u0435\u043d\u0442\u043e\u0432 \u043f\u043e \u0442\u0435\u043b\u0435\u0444\u043e\u043d\u0443 | Planas Chuliganas\" \/>\n<meta property=\"og:description\" content=\"Klient\u0173 paie\u0161k\u0105 telefonu palikite mums. Esame savo srities profesionalai, tod\u0117l i\u0161manome, kaip pritraukti potencial\u0173 klient\u0105 ir parduoti jam j\u016bs\u0173 paslaugas.\" \/>\n<meta property=\"og:url\" content=\"https:\/\/planaschuliganas.lt\/ru\/musu-veikla\/klientu-paieska-telefonu\/\" \/>\n<meta property=\"og:site_name\" content=\"Planas Chuliganas\" \/>\n<meta property=\"article:modified_time\" content=\"2021-04-26T05:31:38+00:00\" \/>\n<meta name=\"twitter:card\" content=\"summary_large_image\" \/>\n<meta name=\"twitter:label1\" content=\"\u041f\u0440\u0438\u043c\u0435\u0440\u043d\u043e\u0435 \u0432\u0440\u0435\u043c\u044f \u0434\u043b\u044f \u0447\u0442\u0435\u043d\u0438\u044f\" \/>\n\t<meta name=\"twitter:data1\" content=\"2 \u043c\u0438\u043d\u0443\u0442\u044b\" \/>\n<script type=\"application\/ld+json\" class=\"yoast-schema-graph\">{\"@context\":\"https:\/\/schema.org\",\"@graph\":[{\"@type\":\"WebPage\",\"@id\":\"https:\/\/planaschuliganas.lt\/ru\/musu-veikla\/klientu-paieska-telefonu\/\",\"url\":\"https:\/\/planaschuliganas.lt\/ru\/musu-veikla\/klientu-paieska-telefonu\/\",\"name\":\"\u041f\u043e\u0438\u0441\u043a \u043d\u043e\u0432\u044b\u0445 \u043a\u043b\u0438\u0435\u043d\u0442\u043e\u0432 \u043f\u043e \u0442\u0435\u043b\u0435\u0444\u043e\u043d\u0443 | Planas Chuliganas\",\"isPartOf\":{\"@id\":\"https:\/\/planaschuliganas.lt\/#website\"},\"datePublished\":\"2019-06-03T13:17:50+00:00\",\"dateModified\":\"2021-04-26T05:31:38+00:00\",\"description\":\"Klient\u0173 paie\u0161k\u0105 telefonu palikite mums. Esame savo srities profesionalai, tod\u0117l i\u0161manome, kaip pritraukti potencial\u0173 klient\u0105 ir parduoti jam j\u016bs\u0173 paslaugas.\",\"breadcrumb\":{\"@id\":\"https:\/\/planaschuliganas.lt\/ru\/musu-veikla\/klientu-paieska-telefonu\/#breadcrumb\"},\"inLanguage\":\"ru-RU\",\"potentialAction\":[{\"@type\":\"ReadAction\",\"target\":[\"https:\/\/planaschuliganas.lt\/ru\/musu-veikla\/klientu-paieska-telefonu\/\"]}]},{\"@type\":\"BreadcrumbList\",\"@id\":\"https:\/\/planaschuliganas.lt\/ru\/musu-veikla\/klientu-paieska-telefonu\/#breadcrumb\",\"itemListElement\":[{\"@type\":\"ListItem\",\"position\":1,\"name\":\"Home\",\"item\":\"https:\/\/planaschuliganas.lt\/ru\/\"},{\"@type\":\"ListItem\",\"position\":2,\"name\":\"\u041d\u0430\u0448\u0430 \u0434\u0435\u044f\u0442\u0435\u043b\u044c\u043d\u043e\u0441\u0442\u044c\",\"item\":\"https:\/\/planaschuliganas.lt\/ru\/musu-veikla\/\"},{\"@type\":\"ListItem\",\"position\":3,\"name\":\"\u041f\u043e\u0438\u0441\u043a \u043d\u043e\u0432\u044b\u0445 \u043a\u043b\u0438\u0435\u043d\u0442\u043e\u0432 \u043f\u043e \u0442\u0435\u043b\u0435\u0444\u043e\u043d\u0443\"}]},{\"@type\":\"WebSite\",\"@id\":\"https:\/\/planaschuliganas.lt\/#website\",\"url\":\"https:\/\/planaschuliganas.lt\/\",\"name\":\"Planas Chuliganas\",\"description\":\"Just another WordPress site\",\"potentialAction\":[{\"@type\":\"SearchAction\",\"target\":{\"@type\":\"EntryPoint\",\"urlTemplate\":\"https:\/\/planaschuliganas.lt\/?s={search_term_string}\"},\"query-input\":{\"@type\":\"PropertyValueSpecification\",\"valueRequired\":true,\"valueName\":\"search_term_string\"}}],\"inLanguage\":\"ru-RU\"}]}<\/script>\n<!-- \/ Yoast SEO plugin. -->","yoast_head_json":{"title":"\u041f\u043e\u0438\u0441\u043a \u043d\u043e\u0432\u044b\u0445 \u043a\u043b\u0438\u0435\u043d\u0442\u043e\u0432 \u043f\u043e \u0442\u0435\u043b\u0435\u0444\u043e\u043d\u0443 | Planas Chuliganas","description":"Klient\u0173 paie\u0161k\u0105 telefonu palikite mums. Esame savo srities profesionalai, tod\u0117l i\u0161manome, kaip pritraukti potencial\u0173 klient\u0105 ir parduoti jam j\u016bs\u0173 paslaugas.","robots":{"index":"index","follow":"follow","max-snippet":"max-snippet:-1","max-image-preview":"max-image-preview:large","max-video-preview":"max-video-preview:-1"},"canonical":"https:\/\/planaschuliganas.lt\/ru\/musu-veikla\/klientu-paieska-telefonu\/","og_locale":"ru_RU","og_type":"article","og_title":"\u041f\u043e\u0438\u0441\u043a \u043d\u043e\u0432\u044b\u0445 \u043a\u043b\u0438\u0435\u043d\u0442\u043e\u0432 \u043f\u043e \u0442\u0435\u043b\u0435\u0444\u043e\u043d\u0443 | Planas Chuliganas","og_description":"Klient\u0173 paie\u0161k\u0105 telefonu palikite mums. Esame savo srities profesionalai, tod\u0117l i\u0161manome, kaip pritraukti potencial\u0173 klient\u0105 ir parduoti jam j\u016bs\u0173 paslaugas.","og_url":"https:\/\/planaschuliganas.lt\/ru\/musu-veikla\/klientu-paieska-telefonu\/","og_site_name":"Planas Chuliganas","article_modified_time":"2021-04-26T05:31:38+00:00","twitter_card":"summary_large_image","twitter_misc":{"\u041f\u0440\u0438\u043c\u0435\u0440\u043d\u043e\u0435 \u0432\u0440\u0435\u043c\u044f \u0434\u043b\u044f \u0447\u0442\u0435\u043d\u0438\u044f":"2 \u043c\u0438\u043d\u0443\u0442\u044b"},"schema":{"@context":"https:\/\/schema.org","@graph":[{"@type":"WebPage","@id":"https:\/\/planaschuliganas.lt\/ru\/musu-veikla\/klientu-paieska-telefonu\/","url":"https:\/\/planaschuliganas.lt\/ru\/musu-veikla\/klientu-paieska-telefonu\/","name":"\u041f\u043e\u0438\u0441\u043a \u043d\u043e\u0432\u044b\u0445 \u043a\u043b\u0438\u0435\u043d\u0442\u043e\u0432 \u043f\u043e \u0442\u0435\u043b\u0435\u0444\u043e\u043d\u0443 | Planas Chuliganas","isPartOf":{"@id":"https:\/\/planaschuliganas.lt\/#website"},"datePublished":"2019-06-03T13:17:50+00:00","dateModified":"2021-04-26T05:31:38+00:00","description":"Klient\u0173 paie\u0161k\u0105 telefonu palikite mums. Esame savo srities profesionalai, tod\u0117l i\u0161manome, kaip pritraukti potencial\u0173 klient\u0105 ir parduoti jam j\u016bs\u0173 paslaugas.","breadcrumb":{"@id":"https:\/\/planaschuliganas.lt\/ru\/musu-veikla\/klientu-paieska-telefonu\/#breadcrumb"},"inLanguage":"ru-RU","potentialAction":[{"@type":"ReadAction","target":["https:\/\/planaschuliganas.lt\/ru\/musu-veikla\/klientu-paieska-telefonu\/"]}]},{"@type":"BreadcrumbList","@id":"https:\/\/planaschuliganas.lt\/ru\/musu-veikla\/klientu-paieska-telefonu\/#breadcrumb","itemListElement":[{"@type":"ListItem","position":1,"name":"Home","item":"https:\/\/planaschuliganas.lt\/ru\/"},{"@type":"ListItem","position":2,"name":"\u041d\u0430\u0448\u0430 \u0434\u0435\u044f\u0442\u0435\u043b\u044c\u043d\u043e\u0441\u0442\u044c","item":"https:\/\/planaschuliganas.lt\/ru\/musu-veikla\/"},{"@type":"ListItem","position":3,"name":"\u041f\u043e\u0438\u0441\u043a \u043d\u043e\u0432\u044b\u0445 \u043a\u043b\u0438\u0435\u043d\u0442\u043e\u0432 \u043f\u043e \u0442\u0435\u043b\u0435\u0444\u043e\u043d\u0443"}]},{"@type":"WebSite","@id":"https:\/\/planaschuliganas.lt\/#website","url":"https:\/\/planaschuliganas.lt\/","name":"Planas Chuliganas","description":"Just another WordPress site","potentialAction":[{"@type":"SearchAction","target":{"@type":"EntryPoint","urlTemplate":"https:\/\/planaschuliganas.lt\/?s={search_term_string}"},"query-input":{"@type":"PropertyValueSpecification","valueRequired":true,"valueName":"search_term_string"}}],"inLanguage":"ru-RU"}]}},"_links":{"self":[{"href":"https:\/\/planaschuliganas.lt\/ru\/wp-json\/wp\/v2\/pages\/3141"}],"collection":[{"href":"https:\/\/planaschuliganas.lt\/ru\/wp-json\/wp\/v2\/pages"}],"about":[{"href":"https:\/\/planaschuliganas.lt\/ru\/wp-json\/wp\/v2\/types\/page"}],"author":[{"embeddable":true,"href":"https:\/\/planaschuliganas.lt\/ru\/wp-json\/wp\/v2\/users\/1"}],"replies":[{"embeddable":true,"href":"https:\/\/planaschuliganas.lt\/ru\/wp-json\/wp\/v2\/comments?post=3141"}],"version-history":[{"count":1,"href":"https:\/\/planaschuliganas.lt\/ru\/wp-json\/wp\/v2\/pages\/3141\/revisions"}],"predecessor-version":[{"id":3142,"href":"https:\/\/planaschuliganas.lt\/ru\/wp-json\/wp\/v2\/pages\/3141\/revisions\/3142"}],"up":[{"embeddable":true,"href":"https:\/\/planaschuliganas.lt\/ru\/wp-json\/wp\/v2\/pages\/3080"}],"wp:attachment":[{"href":"https:\/\/planaschuliganas.lt\/ru\/wp-json\/wp\/v2\/media?parent=3141"}],"curies":[{"name":"wp","href":"https:\/\/api.w.org\/{rel}","templated":true}]}}