{"id":3162,"date":"2017-12-12T15:24:51","date_gmt":"2017-12-12T15:24:51","guid":{"rendered":"https:\/\/planaschuliganas.lt\/pagrindinis\/"},"modified":"2021-05-14T05:14:08","modified_gmt":"2021-05-14T05:14:08","slug":"pagrindinis","status":"publish","type":"page","link":"https:\/\/planaschuliganas.lt\/ru\/","title":{"rendered":"\u0423\u0441\u043b\u0443\u0433\u0438 \u0442\u0435\u043b\u0435\u043c\u0430\u0440\u043a\u0435\u0442\u0438\u043d\u0433\u043e\u0432\u043e\u0439 \u043a\u043e\u043c\u043f\u0430\u043d\u0438\u0438"},"content":{"rendered":"","protected":false},"excerpt":{"rendered":"","protected":false},"author":1,"featured_media":0,"parent":0,"menu_order":0,"comment_status":"closed","ping_status":"closed","template":"template-home.php","meta":{"_acf_changed":false,"inline_featured_image":false,"_monsterinsights_skip_tracking":false,"_monsterinsights_sitenote_active":false,"_monsterinsights_sitenote_note":"","_monsterinsights_sitenote_category":0,"footnotes":""},"acf":[],"yoast_head":"<!-- This site is optimized with the Yoast SEO plugin v24.5 - https:\/\/yoast.com\/wordpress\/plugins\/seo\/ -->\n<title>Telemarketingo \u012fmon\u0117s paslaugos | Planas Chuliganas<\/title>\n<meta name=\"description\" content=\"Esame \u012fmon\u0117, kuri teikia profesionalias ir efektyvias telemarketingo paslaugas 24\/7\/365. Kreipkit\u0117s \u012f mus el. pa\u0161tu ar telefonu.\" \/>\n<meta name=\"robots\" content=\"index, follow, max-snippet:-1, max-image-preview:large, max-video-preview:-1\" \/>\n<link rel=\"canonical\" href=\"https:\/\/planaschuliganas.lt\/ru\/\" \/>\n<meta property=\"og:locale\" content=\"ru_RU\" \/>\n<meta property=\"og:type\" content=\"article\" \/>\n<meta property=\"og:title\" content=\"Telemarketingo \u012fmon\u0117s paslaugos | Planas Chuliganas\" \/>\n<meta property=\"og:description\" content=\"Esame \u012fmon\u0117, kuri teikia profesionalias ir efektyvias telemarketingo paslaugas 24\/7\/365. Kreipkit\u0117s \u012f mus el. pa\u0161tu ar telefonu.\" \/>\n<meta property=\"og:url\" content=\"https:\/\/planaschuliganas.lt\/ru\/\" \/>\n<meta property=\"og:site_name\" content=\"Planas Chuliganas\" \/>\n<meta property=\"article:modified_time\" content=\"2021-05-14T05:14:08+00:00\" \/>\n<meta name=\"twitter:card\" content=\"summary_large_image\" \/>\n<script type=\"application\/ld+json\" class=\"yoast-schema-graph\">{\"@context\":\"https:\/\/schema.org\",\"@graph\":[{\"@type\":\"WebPage\",\"@id\":\"https:\/\/planaschuliganas.lt\/ru\/\",\"url\":\"https:\/\/planaschuliganas.lt\/ru\/\",\"name\":\"Telemarketingo \u012fmon\u0117s paslaugos | Planas Chuliganas\",\"isPartOf\":{\"@id\":\"https:\/\/planaschuliganas.lt\/#website\"},\"datePublished\":\"2017-12-12T15:24:51+00:00\",\"dateModified\":\"2021-05-14T05:14:08+00:00\",\"description\":\"Esame \u012fmon\u0117, kuri teikia profesionalias ir efektyvias telemarketingo paslaugas 24\/7\/365. Kreipkit\u0117s \u012f mus el. pa\u0161tu ar telefonu.\",\"breadcrumb\":{\"@id\":\"https:\/\/planaschuliganas.lt\/ru\/#breadcrumb\"},\"inLanguage\":\"ru-RU\",\"potentialAction\":[{\"@type\":\"ReadAction\",\"target\":[\"https:\/\/planaschuliganas.lt\/ru\/\"]}]},{\"@type\":\"BreadcrumbList\",\"@id\":\"https:\/\/planaschuliganas.lt\/ru\/#breadcrumb\",\"itemListElement\":[{\"@type\":\"ListItem\",\"position\":1,\"name\":\"Home\",\"item\":\"https:\/\/planaschuliganas.lt\/ru\/\"},{\"@type\":\"ListItem\",\"position\":2,\"name\":\"\u0423\u0441\u043b\u0443\u0433\u0438 \u0442\u0435\u043b\u0435\u043c\u0430\u0440\u043a\u0435\u0442\u0438\u043d\u0433\u043e\u0432\u043e\u0439 \u043a\u043e\u043c\u043f\u0430\u043d\u0438\u0438\"}]},{\"@type\":\"WebSite\",\"@id\":\"https:\/\/planaschuliganas.lt\/#website\",\"url\":\"https:\/\/planaschuliganas.lt\/\",\"name\":\"Planas Chuliganas\",\"description\":\"Just another WordPress site\",\"potentialAction\":[{\"@type\":\"SearchAction\",\"target\":{\"@type\":\"EntryPoint\",\"urlTemplate\":\"https:\/\/planaschuliganas.lt\/?s={search_term_string}\"},\"query-input\":{\"@type\":\"PropertyValueSpecification\",\"valueRequired\":true,\"valueName\":\"search_term_string\"}}],\"inLanguage\":\"ru-RU\"}]}<\/script>\n<!-- \/ Yoast SEO plugin. -->","yoast_head_json":{"title":"Telemarketingo \u012fmon\u0117s paslaugos | Planas Chuliganas","description":"Esame \u012fmon\u0117, kuri teikia profesionalias ir efektyvias telemarketingo paslaugas 24\/7\/365. Kreipkit\u0117s \u012f mus el. pa\u0161tu ar telefonu.","robots":{"index":"index","follow":"follow","max-snippet":"max-snippet:-1","max-image-preview":"max-image-preview:large","max-video-preview":"max-video-preview:-1"},"canonical":"https:\/\/planaschuliganas.lt\/ru\/","og_locale":"ru_RU","og_type":"article","og_title":"Telemarketingo \u012fmon\u0117s paslaugos | Planas Chuliganas","og_description":"Esame \u012fmon\u0117, kuri teikia profesionalias ir efektyvias telemarketingo paslaugas 24\/7\/365. Kreipkit\u0117s \u012f mus el. pa\u0161tu ar telefonu.","og_url":"https:\/\/planaschuliganas.lt\/ru\/","og_site_name":"Planas Chuliganas","article_modified_time":"2021-05-14T05:14:08+00:00","twitter_card":"summary_large_image","schema":{"@context":"https:\/\/schema.org","@graph":[{"@type":"WebPage","@id":"https:\/\/planaschuliganas.lt\/ru\/","url":"https:\/\/planaschuliganas.lt\/ru\/","name":"Telemarketingo \u012fmon\u0117s paslaugos | Planas Chuliganas","isPartOf":{"@id":"https:\/\/planaschuliganas.lt\/#website"},"datePublished":"2017-12-12T15:24:51+00:00","dateModified":"2021-05-14T05:14:08+00:00","description":"Esame \u012fmon\u0117, kuri teikia profesionalias ir efektyvias telemarketingo paslaugas 24\/7\/365. Kreipkit\u0117s \u012f mus el. pa\u0161tu ar telefonu.","breadcrumb":{"@id":"https:\/\/planaschuliganas.lt\/ru\/#breadcrumb"},"inLanguage":"ru-RU","potentialAction":[{"@type":"ReadAction","target":["https:\/\/planaschuliganas.lt\/ru\/"]}]},{"@type":"BreadcrumbList","@id":"https:\/\/planaschuliganas.lt\/ru\/#breadcrumb","itemListElement":[{"@type":"ListItem","position":1,"name":"Home","item":"https:\/\/planaschuliganas.lt\/ru\/"},{"@type":"ListItem","position":2,"name":"\u0423\u0441\u043b\u0443\u0433\u0438 \u0442\u0435\u043b\u0435\u043c\u0430\u0440\u043a\u0435\u0442\u0438\u043d\u0433\u043e\u0432\u043e\u0439 \u043a\u043e\u043c\u043f\u0430\u043d\u0438\u0438"}]},{"@type":"WebSite","@id":"https:\/\/planaschuliganas.lt\/#website","url":"https:\/\/planaschuliganas.lt\/","name":"Planas Chuliganas","description":"Just another WordPress site","potentialAction":[{"@type":"SearchAction","target":{"@type":"EntryPoint","urlTemplate":"https:\/\/planaschuliganas.lt\/?s={search_term_string}"},"query-input":{"@type":"PropertyValueSpecification","valueRequired":true,"valueName":"search_term_string"}}],"inLanguage":"ru-RU"}]}},"_links":{"self":[{"href":"https:\/\/planaschuliganas.lt\/ru\/wp-json\/wp\/v2\/pages\/3162"}],"collection":[{"href":"https:\/\/planaschuliganas.lt\/ru\/wp-json\/wp\/v2\/pages"}],"about":[{"href":"https:\/\/planaschuliganas.lt\/ru\/wp-json\/wp\/v2\/types\/page"}],"author":[{"embeddable":true,"href":"https:\/\/planaschuliganas.lt\/ru\/wp-json\/wp\/v2\/users\/1"}],"replies":[{"embeddable":true,"href":"https:\/\/planaschuliganas.lt\/ru\/wp-json\/wp\/v2\/comments?post=3162"}],"version-history":[{"count":2,"href":"https:\/\/planaschuliganas.lt\/ru\/wp-json\/wp\/v2\/pages\/3162\/revisions"}],"predecessor-version":[{"id":3369,"href":"https:\/\/planaschuliganas.lt\/ru\/wp-json\/wp\/v2\/pages\/3162\/revisions\/3369"}],"wp:attachment":[{"href":"https:\/\/planaschuliganas.lt\/ru\/wp-json\/wp\/v2\/media?parent=3162"}],"curies":[{"name":"wp","href":"https:\/\/api.w.org\/{rel}","templated":true}]}}